{"id":3557,"date":"2016-10-08T12:58:53","date_gmt":"2016-10-08T12:58:53","guid":{"rendered":"https:\/\/www.zksprofil.com.tr\/home-page-4\/?lang=en"},"modified":"2020-11-25T09:59:54","modified_gmt":"2020-11-25T09:59:54","slug":"home-page-4","status":"publish","type":"page","link":"https:\/\/www.zksprofil.com.tr\/en\/","title":{"rendered":"Home"},"content":{"rendered":"<div class=\"wpb-content-wrapper\"><p>[vc_row full_width=&#8221;stretch_row_content_no_spaces&#8221;][vc_column][rev_slider_vc alias=&#8221;slider-eng&#8221;][\/vc_column][\/vc_row][vc_row css_animation=&#8221;fadeInUp&#8221; css=&#8221;.vc_custom_1561481329895{border-top-width: 1px !important;padding-top: 70px !important;padding-bottom: 40px !important;background-position: center !important;background-repeat: no-repeat !important;background-size: cover !important;border-top-color: #f7f7f7 !important;border-top-style: solid !important;}&#8221;][vc_column width=&#8221;1\/3&#8243; css=&#8221;.vc_custom_1476154065911{padding-top: 10px !important;}&#8221;]<div class=\"fp-icon-box-6 icon-center dark-version \">\r\n\t\t\t\t <span class=\"fp-icon\"><i class=\"fa fa-industry\"><\/i><\/span>\r\n                 <h4>11 Years Experience<\/h4>\r\n                <div class=\"sub-title\"><\/div>\r\n                <div class=\"desc\"><p>With years of experience and confidence<\/p>\n<\/div>\r\n            <\/div>[\/vc_column][vc_column width=&#8221;1\/3&#8243;]<div class=\"fp-icon-box-6 icon-center dark-version \">\r\n\t\t\t\t <span class=\"fp-icon\"><i class=\"fa fa-star\"><\/i><\/span>\r\n                 <h4>Quality Standards<\/h4>\r\n                <div class=\"sub-title\"><\/div>\r\n                <div class=\"desc\"><p>Quality management systems and TSE standards<\/p>\n<\/div>\r\n            <\/div>[\/vc_column][vc_column width=&#8221;1\/3&#8243;]<div class=\"fp-icon-box-6 icon-center dark-version \">\r\n\t\t\t\t <span class=\"fp-icon\"><i class=\"fa fa-certificate\"><\/i><\/span>\r\n                 <h4>Quality Policy<\/h4>\r\n                <div class=\"sub-title\"><\/div>\r\n                <div class=\"desc\"><p>Technology, low cost and quality product<\/p>\n<\/div>\r\n            <\/div>[\/vc_column][\/vc_row][vc_row full_width=&#8221;stretch_row_content_no_spaces&#8221; el_class=&#8221;main-background-color&#8221;][vc_column width=&#8221;1\/5&#8243; offset=&#8221;vc_col-lg-1\/5 vc_col-md-1\/5&#8243; css=&#8221;.vc_custom_1606298344350{background-position: center !important;background-repeat: no-repeat !important;background-size: contain !important;}&#8221;][vc_single_image image=&#8221;3535&#8243; img_size=&#8221;full&#8221; alignment=&#8221;center&#8221; onclick=&#8221;custom_link&#8221; css_animation=&#8221;fadeInUp&#8221; css=&#8221;.vc_custom_1568153084785{margin-top: 10% !important;}&#8221; link=&#8221;https:\/\/www.zksprofil.com.tr\/en\/products\/cable-channels\/&#8221;]<div class=\"fp-service-3  light\">\r\n\t\t\t\t <span class=\"fp-icon\"><i class=\"fa fa-align-center\"><\/i><\/span>\r\n\t\t\t\t<h2>Cable Channels<\/h2>\r\n\t\t\t\t<a href=\"https:\/\/www.zksprofil.com.tr\/en\/products\/cable-channels\/\">Load more<i class=\"fa fa-caret-right\" aria-hidden=\"true\"><\/i><\/a>\r\n            <\/div>[\/vc_column][vc_column width=&#8221;1\/5&#8243; offset=&#8221;vc_col-lg-1\/5 vc_col-md-1\/5&#8243;][vc_single_image image=&#8221;3536&#8243; img_size=&#8221;full&#8221; add_caption=&#8221;yes&#8221; alignment=&#8221;center&#8221; onclick=&#8221;custom_link&#8221; css_animation=&#8221;fadeInUp&#8221; css=&#8221;.vc_custom_1568153100552{margin-top: 10% !important;}&#8221; link=&#8221;https:\/\/www.zksprofil.com.tr\/en\/products\/halogen-free-channels\/&#8221;]<div class=\"fp-service-3  dark\">\r\n\t\t\t\t <span class=\"fp-icon\"><i class=\"factory-science2\"><\/i><\/span>\r\n\t\t\t\t<h2>Halogen Free Channels<\/h2>\r\n\t\t\t\t<a href=\"https:\/\/www.zksprofil.com.tr\/en\/products\/halogen-free-channels\/\">Load more<i class=\"fa fa-caret-right\" aria-hidden=\"true\"><\/i><\/a>\r\n            <\/div>[\/vc_column][vc_column width=&#8221;1\/5&#8243; offset=&#8221;vc_col-lg-1\/5 vc_col-md-1\/5&#8243;][vc_single_image image=&#8221;3538&#8243; img_size=&#8221;%100&#8243; alignment=&#8221;center&#8221; onclick=&#8221;custom_link&#8221; css_animation=&#8221;fadeInUp&#8221; css=&#8221;.vc_custom_1568153126691{margin-top: 10% !important;}&#8221; link=&#8221;https:\/\/www.zksprofil.com.tr\/en\/products\/colored-cable-channels\/&#8221;]<div class=\"fp-service-3  light\">\r\n\t\t\t\t <span class=\"fp-icon\"><i class=\"factory-motor\"><\/i><\/span>\r\n\t\t\t\t<h2>Colored Channels<\/h2>\r\n\t\t\t\t<a href=\"https:\/\/www.zksprofil.com.tr\/en\/products\/colored-cable-channels\/\">Load more<i class=\"fa fa-caret-right\" aria-hidden=\"true\"><\/i><\/a>\r\n            <\/div>[\/vc_column][vc_column width=&#8221;1\/5&#8243; offset=&#8221;vc_col-lg-1\/5 vc_col-md-1\/5&#8243;][vc_single_image image=&#8221;3539&#8243; img_size=&#8221;full&#8221; add_caption=&#8221;yes&#8221; alignment=&#8221;center&#8221; onclick=&#8221;custom_link&#8221; css_animation=&#8221;fadeInUp&#8221; css=&#8221;.vc_custom_1568153152224{margin-top: 10% !important;}&#8221; link=&#8221;https:\/\/www.zksprofil.com.tr\/en\/products\/herringbone-and-baseboard\/&#8221;]<div class=\"fp-service-3  dark\">\r\n\t\t\t\t <span class=\"fp-icon\"><i class=\"factory-power\"><\/i><\/span>\r\n\t\t\t\t<h2>Herringbone and Baseboard<\/h2>\r\n\t\t\t\t<a href=\"https:\/\/www.zksprofil.com.tr\/en\/products\/herringbone-and-baseboard\/\">Load more<i class=\"fa fa-caret-right\" aria-hidden=\"true\"><\/i><\/a>\r\n            <\/div>[\/vc_column][vc_column width=&#8221;1\/5&#8243; offset=&#8221;vc_col-lg-1\/5 vc_col-md-1\/5&#8243;][vc_single_image image=&#8221;3540&#8243; img_size=&#8221;%100&#8243; alignment=&#8221;center&#8221; onclick=&#8221;custom_link&#8221; css_animation=&#8221;fadeInUp&#8221; css=&#8221;.vc_custom_1568153171915{margin-top: 10% !important;}&#8221; link=&#8221;https:\/\/www.zksprofil.com.tr\/en\/products\/hoarding-channels\/&#8221;]<div class=\"fp-service-3  light\">\r\n\t\t\t\t <span class=\"fp-icon\"><i class=\"factory-motor\"><\/i><\/span>\r\n\t\t\t\t<h2>Hoarding Channels<\/h2>\r\n\t\t\t\t<a href=\"https:\/\/www.zksprofil.com.tr\/en\/products\/hoarding-channels\/\">Load more<i class=\"fa fa-caret-right\" aria-hidden=\"true\"><\/i><\/a>\r\n            <\/div>[\/vc_column][\/vc_row][vc_row enable_parallax=&#8221;yes&#8221; css=&#8221;.vc_custom_1558536437145{padding-top: 80px !important;padding-bottom: 50px !important;background-image: url(https:\/\/www.zksprofil.com.tr\/wp-content\/uploads\/2019\/05\/zks-1-bg-hp4.jpg?id=3478) !important;}&#8221;][vc_column width=&#8221;1\/3&#8243; offset=&#8221;vc_col-lg-4 vc_col-md-4&#8243;]<div class=\"fp-section-title clearfix   light-skin\">\r\n                <h2>Make Offer<\/h2>\r\n                \r\n            <\/div>[vc_row_inner css=&#8221;.vc_custom_1478255975288{padding-bottom: 5px !important;}&#8221;][vc_column_inner]<div class=\"fp-icon-box-2 icon-center light-version \">\r\n\t\t\t\t <span class=\"fp-icon\"><i class=\"factory-wrench\"><\/i><\/span>\r\n                 <h4>Quality<\/h4>\r\n                <div class=\"sub-title\">Equipment<\/div>\r\n                \r\n            <\/div>[\/vc_column_inner][\/vc_row_inner][vc_row_inner css=&#8221;.vc_custom_1478255980652{padding-bottom: 5px !important;}&#8221;][vc_column_inner]<div class=\"fp-icon-box-2 icon-center light-version \">\r\n\t\t\t\t <span class=\"fp-icon\"><i class=\"factory-mechanic\"><\/i><\/span>\r\n                 <h4>Professional<\/h4>\r\n                <div class=\"sub-title\">Staff<\/div>\r\n                \r\n            <\/div>[\/vc_column_inner][\/vc_row_inner]<div class=\"fp-icon-box-2 icon-center light-version \">\r\n\t\t\t\t <span class=\"fp-icon\"><i class=\"factory-tool\"><\/i><\/span>\r\n                 <h4>100%<\/h4>\r\n                <div class=\"sub-title\">Quality Product<\/div>\r\n                \r\n            <\/div>[\/vc_column][vc_column width=&#8221;1\/3&#8243;]\n<div class=\"wpcf7 no-js\" id=\"wpcf7-f3606-o1\" lang=\"en-US\" dir=\"ltr\" data-wpcf7-id=\"3606\">\n<div class=\"screen-reader-response\"><p role=\"status\" aria-live=\"polite\" aria-atomic=\"true\"><\/p> <ul><\/ul><\/div>\n<form action=\"\/en\/wp-json\/wp\/v2\/pages\/3557#wpcf7-f3606-o1\" method=\"post\" class=\"wpcf7-form init\" aria-label=\"Contact form\" novalidate=\"novalidate\" data-status=\"init\">\n<fieldset class=\"hidden-fields-container\"><input type=\"hidden\" name=\"_wpcf7\" value=\"3606\" \/><input type=\"hidden\" name=\"_wpcf7_version\" value=\"6.1.5\" \/><input type=\"hidden\" name=\"_wpcf7_locale\" value=\"en_US\" \/><input type=\"hidden\" name=\"_wpcf7_unit_tag\" value=\"wpcf7-f3606-o1\" \/><input type=\"hidden\" name=\"_wpcf7_container_post\" value=\"0\" \/><input type=\"hidden\" name=\"_wpcf7_posted_data_hash\" value=\"\" \/>\n<\/fieldset>\n<div class=\"fp-form fp-form-404\">\n\t<p class=\"field\"><span class=\"wpcf7-form-control-wrap\" data-name=\"your-name\"><input size=\"40\" maxlength=\"400\" class=\"wpcf7-form-control wpcf7-text wpcf7-validates-as-required\" aria-required=\"true\" aria-invalid=\"false\" placeholder=\"Name*\" value=\"\" type=\"text\" name=\"your-name\" \/><\/span>\n\t<\/p>\n\t<p class=\"field\"><span class=\"wpcf7-form-control-wrap\" data-name=\"your-phone\"><input size=\"40\" maxlength=\"400\" class=\"wpcf7-form-control wpcf7-text wpcf7-validates-as-required\" aria-required=\"true\" aria-invalid=\"false\" placeholder=\"Cell Phone*\" value=\"\" type=\"text\" name=\"your-phone\" \/><\/span>\n\t<\/p>\n\t<p class=\"field\"><span class=\"wpcf7-form-control-wrap\" data-name=\"menu-916\"><select class=\"wpcf7-form-control wpcf7-select\" aria-invalid=\"false\" name=\"menu-916\"><option value=\"Select topic\">Select topic<\/option><option value=\"Cable Channels\">Cable Channels<\/option><option value=\"Colored Cable Chanals\">Colored Cable Chanals<\/option><option value=\"Halojen Free Kanallar\">Halojen Free Kanallar<\/option><option value=\"Pano Kanallar\u0131\">Pano Kanallar\u0131<\/option><option value=\"Bal\u0131k S\u0131rt\u0131 ve S\u00fcp\u00fcrgelik\">Bal\u0131k S\u0131rt\u0131 ve S\u00fcp\u00fcrgelik<\/option><option value=\"Duct Acessories\">Duct Acessories<\/option><\/select><\/span>\n\t<\/p>\n\t<p class=\"field\"><span class=\"wpcf7-form-control-wrap\" data-name=\"your-message\"><textarea cols=\"40\" rows=\"10\" maxlength=\"2000\" class=\"wpcf7-form-control wpcf7-textarea\" aria-invalid=\"false\" placeholder=\"Other...\" name=\"your-message\"><\/textarea><\/span>\n\t<\/p>\n\t<p class=\"field submit\"><input class=\"wpcf7-form-control wpcf7-submit has-spinner fp-btn\" type=\"submit\" value=\"Get an offer\" \/>\n\t<\/p>\n<\/div><div class=\"wpcf7-response-output\" aria-hidden=\"true\"><\/div>\n<\/form>\n<\/div>\n[\/vc_column][vc_column width=&#8221;1\/3&#8243;][vc_column_text css=&#8221;.vc_custom_1561501536153{margin-bottom: 30px !important;}&#8221; el_class=&#8221;fp-main-text&#8221;]<\/p>\n<p class=\"main-color\" style=\"line-height: 40px; font-size: 30px; font-weight: 400;\">About us<\/p>\n<p>[\/vc_column_text][vc_column_text css=&#8221;.vc_custom_1561502543375{margin-bottom: 20px !important;}&#8221;]<\/p>\n<p class=\"p1\"><span style=\"color: #ffffff;\"> In 2008, ZKS PROFILE was established in Izmir Kemalpasa under the name of our company. Right after our establishment, Cable Channel, Panel Channel, Skirting and accessories began to be produced &#8230; <\/span><\/p>\n<p>[\/vc_column_text][vc_empty_space]<div class=\" ubtn-ctn-left \"><a class=\"ubtn-link ult-adjust-bottom-margin ubtn-left ubtn-normal \" href=\"https:\/\/www.zksprofil.com.tr\/en\/aboutus\" title=\"Kalite Politikam\u0131z\" ><button type=\"button\" id=\"ubtn-7037\"  class=\"ubtn ult-adjust-bottom-margin ult-responsive ubtn-normal ubtn-no-hover-bg  none  ubtn-left   tooltip-69ef6e001a42a\"  data-hover=\"\" data-border-color=\"\" data-bg=\"#ed1b23\" data-hover-bg=\"\" data-border-hover=\"\" data-shadow-hover=\"\" data-shadow-click=\"none\" data-shadow=\"\" data-shd-shadow=\"\"  data-ultimate-target='#ubtn-7037'  data-responsive-json-new='{\"font-size\":\"\",\"line-height\":\"\"}'  style=\"font-weight:normal;border:none;background: #ed1b23;color: #ffffff;\"><span class=\"ubtn-hover\" style=\"background-color:\"><\/span><span class=\"ubtn-data ubtn-text \" >Read more<\/span><\/button><\/a><\/div>[\/vc_column][\/vc_row]<\/p>\n<\/div>","protected":false},"excerpt":{"rendered":"<p>[vc_row full_width=&#8221;stretch_row_content_no_spaces&#8221;][vc_column][rev_slider_vc alias=&#8221;slider-eng&#8221;][\/vc_column][\/vc_row][vc_row css_animation=&#8221;fadeInUp&#8221; css=&#8221;.vc_custom_1561481329895{border-top-width: 1px !important;padding-top: 70px !important;padding-bottom: 40px !important;background-position: center !important;background-repeat: no-repeat !important;background-size: cover !important;border-top-color: #f7f7f7 !important;border-top-style: solid !important;}&#8221;][vc_column width=&#8221;1\/3&#8243; css=&#8221;.vc_custom_1476154065911{padding-top: 10px !important;}&#8221;][\/vc_column][vc_column width=&#8221;1\/3&#8243;][\/vc_column][vc_column width=&#8221;1\/3&#8243;][\/vc_column][\/vc_row][vc_row full_width=&#8221;stretch_row_content_no_spaces&#8221; el_class=&#8221;main-background-color&#8221;][vc_column width=&#8221;1\/5&#8243;&hellip;<\/p>\n","protected":false},"author":2,"featured_media":0,"parent":0,"menu_order":0,"comment_status":"closed","ping_status":"closed","template":"template-homepage.php","meta":{"footnotes":""},"class_list":["post-3557","page","type-page","status-publish","hentry","no-thumb"],"_links":{"self":[{"href":"https:\/\/www.zksprofil.com.tr\/en\/wp-json\/wp\/v2\/pages\/3557","targetHints":{"allow":["GET"]}}],"collection":[{"href":"https:\/\/www.zksprofil.com.tr\/en\/wp-json\/wp\/v2\/pages"}],"about":[{"href":"https:\/\/www.zksprofil.com.tr\/en\/wp-json\/wp\/v2\/types\/page"}],"author":[{"embeddable":true,"href":"https:\/\/www.zksprofil.com.tr\/en\/wp-json\/wp\/v2\/users\/2"}],"replies":[{"embeddable":true,"href":"https:\/\/www.zksprofil.com.tr\/en\/wp-json\/wp\/v2\/comments?post=3557"}],"version-history":[{"count":0,"href":"https:\/\/www.zksprofil.com.tr\/en\/wp-json\/wp\/v2\/pages\/3557\/revisions"}],"wp:attachment":[{"href":"https:\/\/www.zksprofil.com.tr\/en\/wp-json\/wp\/v2\/media?parent=3557"}],"curies":[{"name":"wp","href":"https:\/\/api.w.org\/{rel}","templated":true}]}}